{"id":5596,"date":"2025-08-15T22:00:56","date_gmt":"2025-08-15T20:00:56","guid":{"rendered":"https:\/\/monna.ee\/product\/dog-bed-boxer\/"},"modified":"2025-08-15T22:00:56","modified_gmt":"2025-08-15T20:00:56","slug":"dog-bed-boxer","status":"publish","type":"product","link":"https:\/\/monna.ee\/en\/product\/dog-bed-boxer\/","title":{"rendered":"Dog bed \u2018Boxer\u2019"},"content":{"rendered":"","protected":false},"excerpt":{"rendered":"<p data-start=\"424\" data-end=\"736\"><strong data-start=\"424\" data-end=\"461\">Universal dog bed for every pet.<\/strong><br data-start=\"461\" data-end=\"464\" \/>By fastening the press studs on the sides of the bed, it transforms into a cosy nest. The dog bed cover is not removable. Smaller sizes are also ideal for cats.<\/p>\n<p data-start=\"861\" data-end=\"877\"><strong data-start=\"861\" data-end=\"875\">Material: <\/strong><strong data-start=\"880\" data-end=\"892\">Bed cover<\/strong>: 100% woven polyester; moisture- and dirt-repellent finish. <strong data-start=\"961\" data-end=\"973\">Inner cushion<\/strong>: filling: 50% polyester ball fibre and\/or 50% shredded foam.<\/p>\n<p>The cover fabric has a Martindale abrasion resistance of at least 40,000 cycles. <strong data-start=\"1140\" data-end=\"1154\">Dog bed care: <\/strong>Machine wash at 40\u00b0C (delicate cycle). Gentle dry cleaning is permitted. Do not use bleach or tumble dry. Dimensions: M \u2013 30 \u00d7 48 cm (as a bed); 60 \u00d7 85 cm (unfolded) L \u2013 40 \u00d7 60 cm (as a bed); 78 \u00d7 105 cm (unfolded) XL \u2013 50 \u00d7 75 cm (as a bed); 90 \u00d7 125 cm (unfolded) <em>*This product is not a M\u00d6NNA own-brand product. We are selling off leftover stock from a former partner.<\/em><\/p>\n","protected":false},"featured_media":5597,"template":"","meta":{"inline_featured_image":false,"site-sidebar-layout":"default","site-content-layout":"","ast-site-content-layout":"default","site-content-style":"default","site-sidebar-style":"default","ast-global-header-display":"","ast-banner-title-visibility":"","ast-main-header-display":"","ast-hfb-above-header-display":"","ast-hfb-below-header-display":"","ast-hfb-mobile-header-display":"","site-post-title":"","ast-breadcrumbs-content":"","ast-featured-img":"","footer-sml-layout":"","ast-disable-related-posts":"","theme-transparent-header-meta":"default","adv-header-id-meta":"","stick-header-meta":"default","header-above-stick-meta":"","header-main-stick-meta":"","header-below-stick-meta":"","astra-migrate-meta-layouts":"default","ast-page-background-enabled":"default","ast-page-background-meta":{"desktop":{"background-color":"","background-image":"","background-repeat":"repeat","background-position":"center center","background-size":"auto","background-attachment":"scroll","background-type":"","background-media":"","overlay-type":"","overlay-color":"","overlay-opacity":"","overlay-gradient":""},"tablet":{"background-color":"","background-image":"","background-repeat":"repeat","background-position":"center center","background-size":"auto","background-attachment":"scroll","background-type":"","background-media":"","overlay-type":"","overlay-color":"","overlay-opacity":"","overlay-gradient":""},"mobile":{"background-color":"","background-image":"","background-repeat":"repeat","background-position":"center center","background-size":"auto","background-attachment":"scroll","background-type":"","background-media":"","overlay-type":"","overlay-color":"","overlay-opacity":"","overlay-gradient":""}},"ast-content-background-meta":{"desktop":{"background-color":"var(--ast-global-color-5)","background-image":"","background-repeat":"repeat","background-position":"center center","background-size":"auto","background-attachment":"scroll","background-type":"","background-media":"","overlay-type":"","overlay-color":"","overlay-opacity":"","overlay-gradient":""},"tablet":{"background-color":"var(--ast-global-color-5)","background-image":"","background-repeat":"repeat","background-position":"center center","background-size":"auto","background-attachment":"scroll","background-type":"","background-media":"","overlay-type":"","overlay-color":"","overlay-opacity":"","overlay-gradient":""},"mobile":{"background-color":"var(--ast-global-color-5)","background-image":"","background-repeat":"repeat","background-position":"center center","background-size":"auto","background-attachment":"scroll","background-type":"","background-media":"","overlay-type":"","overlay-color":"","overlay-opacity":"","overlay-gradient":""}}},"product_brand":[],"product_cat":[147,125],"product_tag":[148,127],"class_list":{"0":"post-5596","1":"product","2":"type-product","3":"status-publish","4":"has-post-thumbnail","6":"product_cat-dog-beds","7":"product_cat-final-sale","8":"product_tag-dog-bed","9":"product_tag-final-sale","10":"desktop-align-left","11":"tablet-align-left","12":"mobile-align-left","13":"ast-product-gallery-layout-horizontal-slider","14":"ast-product-single-variable","15":"ast-product-tabs-layout-horizontal","16":"ast-qv-on-image","18":"first","19":"instock","20":"taxable","21":"shipping-taxable","22":"purchasable","23":"product-type-variable"},"yoast_head":"<!-- This site is optimized with the Yoast SEO plugin v27.5 - https:\/\/yoast.com\/product\/yoast-seo-wordpress\/ -->\n<title>Dog bed \u2018Boxer\u2019 - M\u00f6nna<\/title>\n<meta name=\"description\" content=\"A versatile and durable dog bed for pets of all sizes. A moisture- and dirt-repellent material. Machine washable and practical for everyday use.\" \/>\n<meta name=\"robots\" content=\"index, follow, max-snippet:-1, max-image-preview:large, max-video-preview:-1\" \/>\n<link rel=\"canonical\" href=\"https:\/\/monna.ee\/en\/product\/dog-bed-boxer\/\" \/>\n<meta property=\"og:locale\" content=\"en_US\" \/>\n<meta property=\"og:type\" content=\"article\" \/>\n<meta property=\"og:title\" content=\"Dog bed \u2018Boxer\u2019 - M\u00f6nna\" \/>\n<meta property=\"og:description\" content=\"A versatile and durable dog bed for pets of all sizes. A moisture- and dirt-repellent material. Machine washable and practical for everyday use.\" \/>\n<meta property=\"og:url\" content=\"https:\/\/monna.ee\/en\/product\/dog-bed-boxer\/\" \/>\n<meta property=\"og:site_name\" content=\"M\u00f6nna\" \/>\n<meta property=\"og:image\" content=\"https:\/\/monna.ee\/wp-content\/uploads\/2025\/08\/Kuvatommis-2025-08-12-164109-1024x680.png\" \/>\n\t<meta property=\"og:image:width\" content=\"1024\" \/>\n\t<meta property=\"og:image:height\" content=\"680\" \/>\n\t<meta property=\"og:image:type\" content=\"image\/png\" \/>\n<meta name=\"twitter:card\" content=\"summary_large_image\" \/>\n<script type=\"application\/ld+json\" class=\"yoast-schema-graph\">{\"@context\":\"https:\\\/\\\/schema.org\",\"@graph\":[{\"@type\":\"WebPage\",\"@id\":\"https:\\\/\\\/monna.ee\\\/en\\\/product\\\/dog-bed-boxer\\\/\",\"url\":\"https:\\\/\\\/monna.ee\\\/en\\\/product\\\/dog-bed-boxer\\\/\",\"name\":\"Dog bed \u2018Boxer\u2019 - M\u00f6nna\",\"isPartOf\":{\"@id\":\"https:\\\/\\\/monna.ee\\\/en\\\/#website\"},\"primaryImageOfPage\":{\"@id\":\"https:\\\/\\\/monna.ee\\\/en\\\/product\\\/dog-bed-boxer\\\/#primaryimage\"},\"image\":{\"@id\":\"https:\\\/\\\/monna.ee\\\/en\\\/product\\\/dog-bed-boxer\\\/#primaryimage\"},\"thumbnailUrl\":\"https:\\\/\\\/monna.ee\\\/wp-content\\\/uploads\\\/2025\\\/08\\\/Kuvatommis-2025-08-12-164109.png\",\"datePublished\":\"2025-08-15T20:00:56+00:00\",\"description\":\"A versatile and durable dog bed for pets of all sizes. A moisture- and dirt-repellent material. Machine washable and practical for everyday use.\",\"breadcrumb\":{\"@id\":\"https:\\\/\\\/monna.ee\\\/en\\\/product\\\/dog-bed-boxer\\\/#breadcrumb\"},\"inLanguage\":\"en-US\",\"potentialAction\":[{\"@type\":\"ReadAction\",\"target\":[\"https:\\\/\\\/monna.ee\\\/en\\\/product\\\/dog-bed-boxer\\\/\"]}]},{\"@type\":\"ImageObject\",\"inLanguage\":\"en-US\",\"@id\":\"https:\\\/\\\/monna.ee\\\/en\\\/product\\\/dog-bed-boxer\\\/#primaryimage\",\"url\":\"https:\\\/\\\/monna.ee\\\/wp-content\\\/uploads\\\/2025\\\/08\\\/Kuvatommis-2025-08-12-164109.png\",\"contentUrl\":\"https:\\\/\\\/monna.ee\\\/wp-content\\\/uploads\\\/2025\\\/08\\\/Kuvatommis-2025-08-12-164109.png\",\"width\":1789,\"height\":1188},{\"@type\":\"BreadcrumbList\",\"@id\":\"https:\\\/\\\/monna.ee\\\/en\\\/product\\\/dog-bed-boxer\\\/#breadcrumb\",\"itemListElement\":[{\"@type\":\"ListItem\",\"position\":1,\"name\":\"Home\",\"item\":\"https:\\\/\\\/monna.ee\\\/en\\\/\"},{\"@type\":\"ListItem\",\"position\":2,\"name\":\"Shop\",\"item\":\"https:\\\/\\\/monna.ee\\\/en\\\/shop\\\/\"},{\"@type\":\"ListItem\",\"position\":3,\"name\":\"Dog bed \u2018Boxer\u2019\"}]},{\"@type\":\"WebSite\",\"@id\":\"https:\\\/\\\/monna.ee\\\/en\\\/#website\",\"url\":\"https:\\\/\\\/monna.ee\\\/en\\\/\",\"name\":\"M\u00f6nna\",\"description\":\"\",\"publisher\":{\"@id\":\"https:\\\/\\\/monna.ee\\\/en\\\/#organization\"},\"potentialAction\":[{\"@type\":\"SearchAction\",\"target\":{\"@type\":\"EntryPoint\",\"urlTemplate\":\"https:\\\/\\\/monna.ee\\\/en\\\/?s={search_term_string}\"},\"query-input\":{\"@type\":\"PropertyValueSpecification\",\"valueRequired\":true,\"valueName\":\"search_term_string\"}}],\"inLanguage\":\"en-US\"},{\"@type\":\"Organization\",\"@id\":\"https:\\\/\\\/monna.ee\\\/en\\\/#organization\",\"name\":\"M\u00f6nna\",\"url\":\"https:\\\/\\\/monna.ee\\\/en\\\/\",\"logo\":{\"@type\":\"ImageObject\",\"inLanguage\":\"en-US\",\"@id\":\"https:\\\/\\\/monna.ee\\\/en\\\/#\\\/schema\\\/logo\\\/image\\\/\",\"url\":\"https:\\\/\\\/monna.ee\\\/wp-content\\\/uploads\\\/2024\\\/05\\\/cropped-Ohall.png\",\"contentUrl\":\"https:\\\/\\\/monna.ee\\\/wp-content\\\/uploads\\\/2024\\\/05\\\/cropped-Ohall.png\",\"width\":512,\"height\":512,\"caption\":\"M\u00f6nna\"},\"image\":{\"@id\":\"https:\\\/\\\/monna.ee\\\/en\\\/#\\\/schema\\\/logo\\\/image\\\/\"}}]}<\/script>\n<!-- \/ Yoast SEO plugin. -->","yoast_head_json":{"title":"Dog bed \u2018Boxer\u2019 - M\u00f6nna","description":"A versatile and durable dog bed for pets of all sizes. A moisture- and dirt-repellent material. Machine washable and practical for everyday use.","robots":{"index":"index","follow":"follow","max-snippet":"max-snippet:-1","max-image-preview":"max-image-preview:large","max-video-preview":"max-video-preview:-1"},"canonical":"https:\/\/monna.ee\/en\/product\/dog-bed-boxer\/","og_locale":"en_US","og_type":"article","og_title":"Dog bed \u2018Boxer\u2019 - M\u00f6nna","og_description":"A versatile and durable dog bed for pets of all sizes. A moisture- and dirt-repellent material. Machine washable and practical for everyday use.","og_url":"https:\/\/monna.ee\/en\/product\/dog-bed-boxer\/","og_site_name":"M\u00f6nna","og_image":[{"width":1024,"height":680,"url":"https:\/\/monna.ee\/wp-content\/uploads\/2025\/08\/Kuvatommis-2025-08-12-164109-1024x680.png","type":"image\/png"}],"twitter_card":"summary_large_image","schema":{"@context":"https:\/\/schema.org","@graph":[{"@type":"WebPage","@id":"https:\/\/monna.ee\/en\/product\/dog-bed-boxer\/","url":"https:\/\/monna.ee\/en\/product\/dog-bed-boxer\/","name":"Dog bed \u2018Boxer\u2019 - M\u00f6nna","isPartOf":{"@id":"https:\/\/monna.ee\/en\/#website"},"primaryImageOfPage":{"@id":"https:\/\/monna.ee\/en\/product\/dog-bed-boxer\/#primaryimage"},"image":{"@id":"https:\/\/monna.ee\/en\/product\/dog-bed-boxer\/#primaryimage"},"thumbnailUrl":"https:\/\/monna.ee\/wp-content\/uploads\/2025\/08\/Kuvatommis-2025-08-12-164109.png","datePublished":"2025-08-15T20:00:56+00:00","description":"A versatile and durable dog bed for pets of all sizes. A moisture- and dirt-repellent material. Machine washable and practical for everyday use.","breadcrumb":{"@id":"https:\/\/monna.ee\/en\/product\/dog-bed-boxer\/#breadcrumb"},"inLanguage":"en-US","potentialAction":[{"@type":"ReadAction","target":["https:\/\/monna.ee\/en\/product\/dog-bed-boxer\/"]}]},{"@type":"ImageObject","inLanguage":"en-US","@id":"https:\/\/monna.ee\/en\/product\/dog-bed-boxer\/#primaryimage","url":"https:\/\/monna.ee\/wp-content\/uploads\/2025\/08\/Kuvatommis-2025-08-12-164109.png","contentUrl":"https:\/\/monna.ee\/wp-content\/uploads\/2025\/08\/Kuvatommis-2025-08-12-164109.png","width":1789,"height":1188},{"@type":"BreadcrumbList","@id":"https:\/\/monna.ee\/en\/product\/dog-bed-boxer\/#breadcrumb","itemListElement":[{"@type":"ListItem","position":1,"name":"Home","item":"https:\/\/monna.ee\/en\/"},{"@type":"ListItem","position":2,"name":"Shop","item":"https:\/\/monna.ee\/en\/shop\/"},{"@type":"ListItem","position":3,"name":"Dog bed \u2018Boxer\u2019"}]},{"@type":"WebSite","@id":"https:\/\/monna.ee\/en\/#website","url":"https:\/\/monna.ee\/en\/","name":"M\u00f6nna","description":"","publisher":{"@id":"https:\/\/monna.ee\/en\/#organization"},"potentialAction":[{"@type":"SearchAction","target":{"@type":"EntryPoint","urlTemplate":"https:\/\/monna.ee\/en\/?s={search_term_string}"},"query-input":{"@type":"PropertyValueSpecification","valueRequired":true,"valueName":"search_term_string"}}],"inLanguage":"en-US"},{"@type":"Organization","@id":"https:\/\/monna.ee\/en\/#organization","name":"M\u00f6nna","url":"https:\/\/monna.ee\/en\/","logo":{"@type":"ImageObject","inLanguage":"en-US","@id":"https:\/\/monna.ee\/en\/#\/schema\/logo\/image\/","url":"https:\/\/monna.ee\/wp-content\/uploads\/2024\/05\/cropped-Ohall.png","contentUrl":"https:\/\/monna.ee\/wp-content\/uploads\/2024\/05\/cropped-Ohall.png","width":512,"height":512,"caption":"M\u00f6nna"},"image":{"@id":"https:\/\/monna.ee\/en\/#\/schema\/logo\/image\/"}}]}},"_links":{"self":[{"href":"https:\/\/monna.ee\/en\/wp-json\/wp\/v2\/product\/5596","targetHints":{"allow":["GET"]}}],"collection":[{"href":"https:\/\/monna.ee\/en\/wp-json\/wp\/v2\/product"}],"about":[{"href":"https:\/\/monna.ee\/en\/wp-json\/wp\/v2\/types\/product"}],"wp:featuredmedia":[{"embeddable":true,"href":"https:\/\/monna.ee\/en\/wp-json\/wp\/v2\/media\/5597"}],"wp:attachment":[{"href":"https:\/\/monna.ee\/en\/wp-json\/wp\/v2\/media?parent=5596"}],"wp:term":[{"taxonomy":"product_brand","embeddable":true,"href":"https:\/\/monna.ee\/en\/wp-json\/wp\/v2\/product_brand?post=5596"},{"taxonomy":"product_cat","embeddable":true,"href":"https:\/\/monna.ee\/en\/wp-json\/wp\/v2\/product_cat?post=5596"},{"taxonomy":"product_tag","embeddable":true,"href":"https:\/\/monna.ee\/en\/wp-json\/wp\/v2\/product_tag?post=5596"}],"curies":[{"name":"wp","href":"https:\/\/api.w.org\/{rel}","templated":true}]}}