{"id":5214,"date":"2021-04-26T07:24:31","date_gmt":"2021-04-26T05:24:31","guid":{"rendered":"https:\/\/monna.ee\/the-monna-story\/"},"modified":"2026-05-08T13:23:48","modified_gmt":"2026-05-08T11:23:48","slug":"the-monna-story","status":"publish","type":"page","link":"https:\/\/monna.ee\/en\/the-monna-story\/","title":{"rendered":"The M\u00f6nna story"},"content":{"rendered":"\t\t<div data-elementor-type=\"wp-page\" data-elementor-id=\"5214\" class=\"elementor elementor-5214 elementor-18\">\n\t\t\t\t\t\t<section class=\"elementor-section elementor-top-section elementor-element elementor-element-59211a8 elementor-section-boxed elementor-section-height-default elementor-section-height-default\" data-id=\"59211a8\" data-element_type=\"section\" data-e-type=\"section\" data-settings=\"{&quot;background_background&quot;:&quot;classic&quot;}\">\n\t\t\t\t\t\t\t<div class=\"elementor-background-overlay\"><\/div>\n\t\t\t\t\t\t\t<div class=\"elementor-container elementor-column-gap-no\">\n\t\t\t\t\t<div class=\"elementor-column elementor-col-100 elementor-top-column elementor-element elementor-element-f05915a\" data-id=\"f05915a\" data-element_type=\"column\" data-e-type=\"column\">\n\t\t\t<div class=\"elementor-widget-wrap elementor-element-populated\">\n\t\t\t\t\t\t<div class=\"elementor-element elementor-element-bff93e2 elementor-widget elementor-widget-heading\" data-id=\"bff93e2\" data-element_type=\"widget\" data-e-type=\"widget\" data-widget_type=\"heading.default\">\n\t\t\t\t<div class=\"elementor-widget-container\">\n\t\t\t\t\t<h1 class=\"elementor-heading-title elementor-size-default\">The M\u00f6nna story<\/h1>\t\t\t\t<\/div>\n\t\t\t\t<\/div>\n\t\t\t\t\t<\/div>\n\t\t<\/div>\n\t\t\t\t\t<\/div>\n\t\t<\/section>\n\t\t<div class=\"elementor-element elementor-element-1fe0837 e-flex e-con-boxed e-con e-parent\" data-id=\"1fe0837\" data-element_type=\"container\" data-e-type=\"container\">\n\t\t\t\t\t<div class=\"e-con-inner\">\n\t\t\t\t<div class=\"elementor-element elementor-element-f3f1546 elementor-widget elementor-widget-text-editor\" data-id=\"f3f1546\" data-element_type=\"widget\" data-e-type=\"widget\" data-widget_type=\"text-editor.default\">\n\t\t\t\t<div class=\"elementor-widget-container\">\n\t\t\t\t\t\t\t\t\t<p style=\"text-align: center;\"><strong>M\u00d6NNA<\/strong> was founded on the island of Saaremaa and grew out of Moonstar O\u00dc, which has extensive and longstanding experience in textile product sewing services.\u00a0\u00a0<\/p>\n<p style=\"text-align: center;\">M\u00d6NNA is run by a small family business, and what began simply from personal everyday needs and ideas gradually developed into something we wanted to share with others.<span class=\"Apple-converted-space\"> <\/span><\/p>\n<p style=\"text-align: center;\">Our products are made from the finest and most natural materials possible and are thoughtfully designed down to the smallest detail, always with the question in mind of whether it is something we ourselves would want to use or wear.\u00a0\u00a0<\/p>\n<p style=\"text-align: center;\">M\u00d6NNA is proudly Saaremaa-born. All our products are handmade in Saaremaa. Our bursts of inspiration and ideas are just as Saaremaa-inspired and cosy as the picture of our M\u00d6NNA family shown here.<span class=\"Apple-converted-space\"> <\/span><\/p>\n<p style=\"text-align: center;\">For us, it is not only important what we create, but also how we create it \u2013 honestly, ethically and with care. We value our employees, the environment and our customers, offering care and consideration at every possible step.<\/p>\n\t\t\t\t\t\t\t\t<\/div>\n\t\t\t\t<\/div>\n\t\t\t\t<div class=\"elementor-element elementor-element-3798964 elementor-widget-divider--view-line elementor-widget elementor-widget-divider\" data-id=\"3798964\" data-element_type=\"widget\" data-e-type=\"widget\" data-widget_type=\"divider.default\">\n\t\t\t\t<div class=\"elementor-widget-container\">\n\t\t\t\t\t\t\t<div class=\"elementor-divider\">\n\t\t\t<span class=\"elementor-divider-separator\">\n\t\t\t\t\t\t<\/span>\n\t\t<\/div>\n\t\t\t\t\t\t<\/div>\n\t\t\t\t<\/div>\n\t\t\t\t\t<\/div>\n\t\t\t\t<\/div>\n\t\t<div class=\"elementor-element elementor-element-e7fe4c8 e-flex e-con-boxed e-con e-parent\" data-id=\"e7fe4c8\" data-element_type=\"container\" data-e-type=\"container\">\n\t\t\t\t\t<div class=\"e-con-inner\">\n\t\t\t\t<div class=\"elementor-element elementor-element-cb440ce elementor-widget elementor-widget-heading\" data-id=\"cb440ce\" data-element_type=\"widget\" data-e-type=\"widget\" data-widget_type=\"heading.default\">\n\t\t\t\t<div class=\"elementor-widget-container\">\n\t\t\t\t\t<h2 class=\"elementor-heading-title elementor-size-default\">What makes M\u00f6nna M\u00f6nna?<\/h2>\t\t\t\t<\/div>\n\t\t\t\t<\/div>\n\t\t\t\t\t<\/div>\n\t\t\t\t<\/div>\n\t\t<div class=\"elementor-element elementor-element-4bf8791 e-flex e-con-boxed e-con e-parent\" data-id=\"4bf8791\" data-element_type=\"container\" data-e-type=\"container\">\n\t\t\t\t\t<div class=\"e-con-inner\">\n\t\t<div class=\"elementor-element elementor-element-8e51fa3 e-con-full e-flex e-con e-child\" data-id=\"8e51fa3\" data-element_type=\"container\" data-e-type=\"container\">\n\t\t\t\t<div class=\"elementor-element elementor-element-dba924b elementor-position-top elementor-widget elementor-widget-image-box\" data-id=\"dba924b\" data-element_type=\"widget\" data-e-type=\"widget\" data-widget_type=\"image-box.default\">\n\t\t\t\t<div class=\"elementor-widget-container\">\n\t\t\t\t\t<div class=\"elementor-image-box-wrapper\"><figure class=\"elementor-image-box-img\"><img fetchpriority=\"high\" decoding=\"async\" width=\"1256\" height=\"1251\" src=\"https:\/\/www.monna.ee\/wp-content\/uploads\/2024\/07\/ikoonid-02.png\" class=\"attachment-full size-full wp-image-5218\" alt=\"\" srcset=\"https:\/\/monna.ee\/wp-content\/uploads\/2024\/07\/ikoonid-02.png 1256w, https:\/\/monna.ee\/wp-content\/uploads\/2024\/07\/ikoonid-02-300x300.png 300w, https:\/\/monna.ee\/wp-content\/uploads\/2024\/07\/ikoonid-02-1024x1020.png 1024w, https:\/\/monna.ee\/wp-content\/uploads\/2024\/07\/ikoonid-02-150x150.png 150w, https:\/\/monna.ee\/wp-content\/uploads\/2024\/07\/ikoonid-02-768x765.png 768w, https:\/\/monna.ee\/wp-content\/uploads\/2024\/07\/ikoonid-02-600x598.png 600w, https:\/\/monna.ee\/wp-content\/uploads\/2024\/07\/ikoonid-02-100x100.png 100w\" sizes=\"(max-width: 1256px) 100vw, 1256px\" \/><\/figure><div class=\"elementor-image-box-content\"><h3 class=\"elementor-image-box-title\">Carefully selected fabrics<\/h3><p class=\"elementor-image-box-description\">For us, the most important qualities of a fabric are its skin-friendliness and natural feel. We choose all materials primarily based on the kind of bed linen we ourselves would like to sleep in and the fabrics that are gentle enough for the youngest members of our family. That is why the origin of the fabric and the way it is produced are important to us. All our fabrics also carry OEKO-TEX certifications, and we are gradually striving towards ensuring that the fabrics we source have as small an environmental footprint as possible.<\/p><\/div><\/div>\t\t\t\t<\/div>\n\t\t\t\t<\/div>\n\t\t\t\t<\/div>\n\t\t<div class=\"elementor-element elementor-element-8e2e15a e-con-full e-flex e-con e-child\" data-id=\"8e2e15a\" data-element_type=\"container\" data-e-type=\"container\">\n\t\t\t\t<div class=\"elementor-element elementor-element-782ecbd elementor-position-top elementor-widget elementor-widget-image-box\" data-id=\"782ecbd\" data-element_type=\"widget\" data-e-type=\"widget\" data-widget_type=\"image-box.default\">\n\t\t\t\t<div class=\"elementor-widget-container\">\n\t\t\t\t\t<div class=\"elementor-image-box-wrapper\"><figure class=\"elementor-image-box-img\"><img decoding=\"async\" width=\"1251\" height=\"1251\" src=\"https:\/\/www.monna.ee\/wp-content\/uploads\/2024\/07\/ilu.png\" class=\"attachment-full size-full wp-image-5179\" alt=\"\" srcset=\"https:\/\/monna.ee\/wp-content\/uploads\/2024\/07\/ilu.png 1251w, https:\/\/monna.ee\/wp-content\/uploads\/2024\/07\/ilu-300x300.png 300w, https:\/\/monna.ee\/wp-content\/uploads\/2024\/07\/ilu-1024x1024.png 1024w, https:\/\/monna.ee\/wp-content\/uploads\/2024\/07\/ilu-150x150.png 150w, https:\/\/monna.ee\/wp-content\/uploads\/2024\/07\/ilu-768x768.png 768w, https:\/\/monna.ee\/wp-content\/uploads\/2024\/07\/ilu-600x600.png 600w, https:\/\/monna.ee\/wp-content\/uploads\/2024\/07\/ilu-100x100.png 100w\" sizes=\"(max-width: 1251px) 100vw, 1251px\" \/><\/figure><div class=\"elementor-image-box-content\"><h3 class=\"elementor-image-box-title\">Pure beauty hand in hand with practicality and comfort<\/h3><p class=\"elementor-image-box-description\">We believe that all our products should be comfortable, soft and simply so cosy that even we can no longer do without them. For example, Tencel bed linen has completely won over our entire family \u2013 and quite irreversibly so. But in addition to comfort, we also place great value on practicality, which is why with every product development we try to consider even how to make an apparently simple task such as changing bed linen even easier and more enjoyable. <\/p><\/div><\/div>\t\t\t\t<\/div>\n\t\t\t\t<\/div>\n\t\t\t\t<\/div>\n\t\t<div class=\"elementor-element elementor-element-0720e46 e-con-full e-flex e-con e-child\" data-id=\"0720e46\" data-element_type=\"container\" data-e-type=\"container\">\n\t\t\t\t<div class=\"elementor-element elementor-element-09a5ea2 elementor-position-top elementor-widget elementor-widget-image-box\" data-id=\"09a5ea2\" data-element_type=\"widget\" data-e-type=\"widget\" data-widget_type=\"image-box.default\">\n\t\t\t\t<div class=\"elementor-widget-container\">\n\t\t\t\t\t<div class=\"elementor-image-box-wrapper\"><figure class=\"elementor-image-box-img\"><img decoding=\"async\" width=\"1260\" height=\"1260\" src=\"https:\/\/www.monna.ee\/wp-content\/uploads\/2024\/08\/saaremaa3.png\" class=\"attachment-full size-full wp-image-5177\" alt=\"\" srcset=\"https:\/\/monna.ee\/wp-content\/uploads\/2024\/08\/saaremaa3.png 1260w, https:\/\/monna.ee\/wp-content\/uploads\/2024\/08\/saaremaa3-300x300.png 300w, https:\/\/monna.ee\/wp-content\/uploads\/2024\/08\/saaremaa3-1024x1024.png 1024w, https:\/\/monna.ee\/wp-content\/uploads\/2024\/08\/saaremaa3-150x150.png 150w, https:\/\/monna.ee\/wp-content\/uploads\/2024\/08\/saaremaa3-768x768.png 768w, https:\/\/monna.ee\/wp-content\/uploads\/2024\/08\/saaremaa3-600x600.png 600w, https:\/\/monna.ee\/wp-content\/uploads\/2024\/08\/saaremaa3-100x100.png 100w\" sizes=\"(max-width: 1260px) 100vw, 1260px\" \/><\/figure><div class=\"elementor-image-box-content\"><h3 class=\"elementor-image-box-title\">Local quality<\/h3><p class=\"elementor-image-box-description\">Quality is extremely important to us, and this is not something we compromise on. The long lifespan and quality of our products are ensured by an excellent team in which every person has an important role. Ideas can be generated easily, but the real work happens behind the scenes. As long as we are able to support and value our people, we will also be able to maintain the quality of our products. All our products are made in Saaremaa. <\/p><\/div><\/div>\t\t\t\t<\/div>\n\t\t\t\t<\/div>\n\t\t\t\t<\/div>\n\t\t<div class=\"elementor-element elementor-element-1ed7b61 e-con-full e-flex e-con e-child\" data-id=\"1ed7b61\" data-element_type=\"container\" data-e-type=\"container\">\n\t\t\t\t<div class=\"elementor-element elementor-element-74c701c elementor-position-top elementor-widget elementor-widget-image-box\" data-id=\"74c701c\" data-element_type=\"widget\" data-e-type=\"widget\" data-widget_type=\"image-box.default\">\n\t\t\t\t<div class=\"elementor-widget-container\">\n\t\t\t\t\t<div class=\"elementor-image-box-wrapper\"><figure class=\"elementor-image-box-img\"><img loading=\"lazy\" decoding=\"async\" width=\"1260\" height=\"1260\" src=\"https:\/\/www.monna.ee\/wp-content\/uploads\/2024\/07\/vabadus.png\" class=\"attachment-full size-full wp-image-5219\" alt=\"\" srcset=\"https:\/\/monna.ee\/wp-content\/uploads\/2024\/07\/vabadus.png 1260w, https:\/\/monna.ee\/wp-content\/uploads\/2024\/07\/vabadus-300x300.png 300w, https:\/\/monna.ee\/wp-content\/uploads\/2024\/07\/vabadus-1024x1024.png 1024w, https:\/\/monna.ee\/wp-content\/uploads\/2024\/07\/vabadus-150x150.png 150w, https:\/\/monna.ee\/wp-content\/uploads\/2024\/07\/vabadus-768x768.png 768w, https:\/\/monna.ee\/wp-content\/uploads\/2024\/07\/vabadus-600x600.png 600w, https:\/\/monna.ee\/wp-content\/uploads\/2024\/07\/vabadus-100x100.png 100w\" sizes=\"(max-width: 1260px) 100vw, 1260px\" \/><\/figure><div class=\"elementor-image-box-content\"><h3 class=\"elementor-image-box-title\">Freedom<\/h3><p class=\"elementor-image-box-description\">Today, M\u00d6NNA\u2019s range mainly includes home textiles, bed linen and nightwear, but knowing our passion for exciting and high-quality products, it is entirely possible that from tomorrow our product range may include something completely different. Our creative process works in such a way that when we come up with an idea we genuinely love ourselves, it usually becomes reality, and we are more than happy to share it with others. It is a wonderfully liberating feeling, and that is exactly what makes M\u00d6NNA, M\u00d6NNA. <\/p><\/div><\/div>\t\t\t\t<\/div>\n\t\t\t\t<\/div>\n\t\t\t\t<\/div>\n\t\t\t\t\t<\/div>\n\t\t\t\t<\/div>\n\t\t\t\t<\/div>\n\t\t","protected":false},"excerpt":{"rendered":"<p>The M\u00f6nna story M\u00d6NNA was founded on the island of Saaremaa and grew out of Moonstar O\u00dc, which has extensive and longstanding experience in textile product sewing services.\u00a0\u00a0 M\u00d6NNA is run by a small family business, and what began simply from personal everyday needs and ideas gradually developed into something we wanted to share with [&hellip;]<\/p>\n","protected":false},"author":1,"featured_media":5222,"parent":0,"menu_order":0,"comment_status":"closed","ping_status":"closed","template":"","meta":{"inline_featured_image":false,"site-sidebar-layout":"no-sidebar","site-content-layout":"page-builder","ast-site-content-layout":"full-width-container","site-content-style":"unboxed","site-sidebar-style":"unboxed","ast-global-header-display":"","ast-banner-title-visibility":"","ast-main-header-display":"","ast-hfb-above-header-display":"","ast-hfb-below-header-display":"","ast-hfb-mobile-header-display":"","site-post-title":"disabled","ast-breadcrumbs-content":"disabled","ast-featured-img":"disabled","footer-sml-layout":"","ast-disable-related-posts":"","theme-transparent-header-meta":"disabled","adv-header-id-meta":"","stick-header-meta":"","header-above-stick-meta":"","header-main-stick-meta":"","header-below-stick-meta":"","astra-migrate-meta-layouts":"default","ast-page-background-enabled":"default","ast-page-background-meta":{"desktop":{"background-color":"","background-image":"","background-repeat":"repeat","background-position":"center center","background-size":"auto","background-attachment":"scroll","background-type":"","background-media":"","overlay-type":"","overlay-color":"","overlay-opacity":"","overlay-gradient":""},"tablet":{"background-color":"","background-image":"","background-repeat":"repeat","background-position":"center center","background-size":"auto","background-attachment":"scroll","background-type":"","background-media":"","overlay-type":"","overlay-color":"","overlay-opacity":"","overlay-gradient":""},"mobile":{"background-color":"","background-image":"","background-repeat":"repeat","background-position":"center center","background-size":"auto","background-attachment":"scroll","background-type":"","background-media":"","overlay-type":"","overlay-color":"","overlay-opacity":"","overlay-gradient":""}},"ast-content-background-meta":{"desktop":{"background-color":"var(--ast-global-color-5)","background-image":"","background-repeat":"repeat","background-position":"center center","background-size":"auto","background-attachment":"scroll","background-type":"","background-media":"","overlay-type":"","overlay-color":"","overlay-opacity":"","overlay-gradient":""},"tablet":{"background-color":"var(--ast-global-color-5)","background-image":"","background-repeat":"repeat","background-position":"center center","background-size":"auto","background-attachment":"scroll","background-type":"","background-media":"","overlay-type":"","overlay-color":"","overlay-opacity":"","overlay-gradient":""},"mobile":{"background-color":"var(--ast-global-color-5)","background-image":"","background-repeat":"repeat","background-position":"center center","background-size":"auto","background-attachment":"scroll","background-type":"","background-media":"","overlay-type":"","overlay-color":"","overlay-opacity":"","overlay-gradient":""}},"footnotes":""},"class_list":["post-5214","page","type-page","status-publish","has-post-thumbnail","hentry"],"yoast_head":"<!-- This site is optimized with the Yoast SEO plugin v27.5 - https:\/\/yoast.com\/product\/yoast-seo-wordpress\/ -->\n<title>M\u00f6nna - The M\u00f6nna story<\/title>\n<meta name=\"description\" content=\"M\u00d6NNA was founded on the island of Saaremaa and grew out of Moonstar O\u00dc, which has extensive longstanding experience in textile product sewing services.\" \/>\n<meta name=\"robots\" content=\"index, follow, max-snippet:-1, max-image-preview:large, max-video-preview:-1\" \/>\n<link rel=\"canonical\" href=\"https:\/\/monna.ee\/en\/the-monna-story\/\" \/>\n<meta property=\"og:locale\" content=\"en_US\" \/>\n<meta property=\"og:type\" content=\"article\" \/>\n<meta property=\"og:title\" content=\"M\u00f6nna - The M\u00f6nna story\" \/>\n<meta property=\"og:description\" content=\"M\u00d6NNA was founded on the island of Saaremaa and grew out of Moonstar O\u00dc, which has extensive longstanding experience in textile product sewing services.\" \/>\n<meta property=\"og:url\" content=\"https:\/\/monna.ee\/en\/the-monna-story\/\" \/>\n<meta property=\"og:site_name\" content=\"M\u00f6nna\" \/>\n<meta property=\"article:modified_time\" content=\"2026-05-08T11:23:48+00:00\" \/>\n<meta property=\"og:image\" content=\"https:\/\/monna.ee\/wp-content\/uploads\/2024\/08\/Monna-lugu_pilt.jpg\" \/>\n\t<meta property=\"og:image:width\" content=\"2048\" \/>\n\t<meta property=\"og:image:height\" content=\"1536\" \/>\n\t<meta property=\"og:image:type\" content=\"image\/jpeg\" \/>\n<meta name=\"twitter:card\" content=\"summary_large_image\" \/>\n<meta name=\"twitter:label1\" content=\"Est. reading time\" \/>\n\t<meta name=\"twitter:data1\" content=\"3 minutes\" \/>\n<script type=\"application\/ld+json\" class=\"yoast-schema-graph\">{\"@context\":\"https:\\\/\\\/schema.org\",\"@graph\":[{\"@type\":\"WebPage\",\"@id\":\"https:\\\/\\\/monna.ee\\\/en\\\/the-monna-story\\\/\",\"url\":\"https:\\\/\\\/monna.ee\\\/en\\\/the-monna-story\\\/\",\"name\":\"M\u00f6nna - The M\u00f6nna story\",\"isPartOf\":{\"@id\":\"https:\\\/\\\/monna.ee\\\/en\\\/#website\"},\"primaryImageOfPage\":{\"@id\":\"https:\\\/\\\/monna.ee\\\/en\\\/the-monna-story\\\/#primaryimage\"},\"image\":{\"@id\":\"https:\\\/\\\/monna.ee\\\/en\\\/the-monna-story\\\/#primaryimage\"},\"thumbnailUrl\":\"https:\\\/\\\/monna.ee\\\/wp-content\\\/uploads\\\/2024\\\/08\\\/Monna-lugu_pilt.jpg\",\"datePublished\":\"2021-04-26T05:24:31+00:00\",\"dateModified\":\"2026-05-08T11:23:48+00:00\",\"description\":\"M\u00d6NNA was founded on the island of Saaremaa and grew out of Moonstar O\u00dc, which has extensive longstanding experience in textile product sewing services.\",\"breadcrumb\":{\"@id\":\"https:\\\/\\\/monna.ee\\\/en\\\/the-monna-story\\\/#breadcrumb\"},\"inLanguage\":\"en-US\",\"potentialAction\":[{\"@type\":\"ReadAction\",\"target\":[\"https:\\\/\\\/monna.ee\\\/en\\\/the-monna-story\\\/\"]}]},{\"@type\":\"ImageObject\",\"inLanguage\":\"en-US\",\"@id\":\"https:\\\/\\\/monna.ee\\\/en\\\/the-monna-story\\\/#primaryimage\",\"url\":\"https:\\\/\\\/monna.ee\\\/wp-content\\\/uploads\\\/2024\\\/08\\\/Monna-lugu_pilt.jpg\",\"contentUrl\":\"https:\\\/\\\/monna.ee\\\/wp-content\\\/uploads\\\/2024\\\/08\\\/Monna-lugu_pilt.jpg\",\"width\":2048,\"height\":1536},{\"@type\":\"BreadcrumbList\",\"@id\":\"https:\\\/\\\/monna.ee\\\/en\\\/the-monna-story\\\/#breadcrumb\",\"itemListElement\":[{\"@type\":\"ListItem\",\"position\":1,\"name\":\"Home\",\"item\":\"https:\\\/\\\/monna.ee\\\/en\\\/\"},{\"@type\":\"ListItem\",\"position\":2,\"name\":\"The M\u00f6nna story\"}]},{\"@type\":\"WebSite\",\"@id\":\"https:\\\/\\\/monna.ee\\\/en\\\/#website\",\"url\":\"https:\\\/\\\/monna.ee\\\/en\\\/\",\"name\":\"M\u00f6nna\",\"description\":\"\",\"publisher\":{\"@id\":\"https:\\\/\\\/monna.ee\\\/en\\\/#organization\"},\"potentialAction\":[{\"@type\":\"SearchAction\",\"target\":{\"@type\":\"EntryPoint\",\"urlTemplate\":\"https:\\\/\\\/monna.ee\\\/en\\\/?s={search_term_string}\"},\"query-input\":{\"@type\":\"PropertyValueSpecification\",\"valueRequired\":true,\"valueName\":\"search_term_string\"}}],\"inLanguage\":\"en-US\"},{\"@type\":\"Organization\",\"@id\":\"https:\\\/\\\/monna.ee\\\/en\\\/#organization\",\"name\":\"M\u00f6nna\",\"url\":\"https:\\\/\\\/monna.ee\\\/en\\\/\",\"logo\":{\"@type\":\"ImageObject\",\"inLanguage\":\"en-US\",\"@id\":\"https:\\\/\\\/monna.ee\\\/en\\\/#\\\/schema\\\/logo\\\/image\\\/\",\"url\":\"https:\\\/\\\/monna.ee\\\/wp-content\\\/uploads\\\/2024\\\/05\\\/cropped-Ohall.png\",\"contentUrl\":\"https:\\\/\\\/monna.ee\\\/wp-content\\\/uploads\\\/2024\\\/05\\\/cropped-Ohall.png\",\"width\":512,\"height\":512,\"caption\":\"M\u00f6nna\"},\"image\":{\"@id\":\"https:\\\/\\\/monna.ee\\\/en\\\/#\\\/schema\\\/logo\\\/image\\\/\"}}]}<\/script>\n<!-- \/ Yoast SEO plugin. -->","yoast_head_json":{"title":"M\u00f6nna - The M\u00f6nna story","description":"M\u00d6NNA was founded on the island of Saaremaa and grew out of Moonstar O\u00dc, which has extensive longstanding experience in textile product sewing services.","robots":{"index":"index","follow":"follow","max-snippet":"max-snippet:-1","max-image-preview":"max-image-preview:large","max-video-preview":"max-video-preview:-1"},"canonical":"https:\/\/monna.ee\/en\/the-monna-story\/","og_locale":"en_US","og_type":"article","og_title":"M\u00f6nna - The M\u00f6nna story","og_description":"M\u00d6NNA was founded on the island of Saaremaa and grew out of Moonstar O\u00dc, which has extensive longstanding experience in textile product sewing services.","og_url":"https:\/\/monna.ee\/en\/the-monna-story\/","og_site_name":"M\u00f6nna","article_modified_time":"2026-05-08T11:23:48+00:00","og_image":[{"width":2048,"height":1536,"url":"https:\/\/monna.ee\/wp-content\/uploads\/2024\/08\/Monna-lugu_pilt.jpg","type":"image\/jpeg"}],"twitter_card":"summary_large_image","twitter_misc":{"Est. reading time":"3 minutes"},"schema":{"@context":"https:\/\/schema.org","@graph":[{"@type":"WebPage","@id":"https:\/\/monna.ee\/en\/the-monna-story\/","url":"https:\/\/monna.ee\/en\/the-monna-story\/","name":"M\u00f6nna - The M\u00f6nna story","isPartOf":{"@id":"https:\/\/monna.ee\/en\/#website"},"primaryImageOfPage":{"@id":"https:\/\/monna.ee\/en\/the-monna-story\/#primaryimage"},"image":{"@id":"https:\/\/monna.ee\/en\/the-monna-story\/#primaryimage"},"thumbnailUrl":"https:\/\/monna.ee\/wp-content\/uploads\/2024\/08\/Monna-lugu_pilt.jpg","datePublished":"2021-04-26T05:24:31+00:00","dateModified":"2026-05-08T11:23:48+00:00","description":"M\u00d6NNA was founded on the island of Saaremaa and grew out of Moonstar O\u00dc, which has extensive longstanding experience in textile product sewing services.","breadcrumb":{"@id":"https:\/\/monna.ee\/en\/the-monna-story\/#breadcrumb"},"inLanguage":"en-US","potentialAction":[{"@type":"ReadAction","target":["https:\/\/monna.ee\/en\/the-monna-story\/"]}]},{"@type":"ImageObject","inLanguage":"en-US","@id":"https:\/\/monna.ee\/en\/the-monna-story\/#primaryimage","url":"https:\/\/monna.ee\/wp-content\/uploads\/2024\/08\/Monna-lugu_pilt.jpg","contentUrl":"https:\/\/monna.ee\/wp-content\/uploads\/2024\/08\/Monna-lugu_pilt.jpg","width":2048,"height":1536},{"@type":"BreadcrumbList","@id":"https:\/\/monna.ee\/en\/the-monna-story\/#breadcrumb","itemListElement":[{"@type":"ListItem","position":1,"name":"Home","item":"https:\/\/monna.ee\/en\/"},{"@type":"ListItem","position":2,"name":"The M\u00f6nna story"}]},{"@type":"WebSite","@id":"https:\/\/monna.ee\/en\/#website","url":"https:\/\/monna.ee\/en\/","name":"M\u00f6nna","description":"","publisher":{"@id":"https:\/\/monna.ee\/en\/#organization"},"potentialAction":[{"@type":"SearchAction","target":{"@type":"EntryPoint","urlTemplate":"https:\/\/monna.ee\/en\/?s={search_term_string}"},"query-input":{"@type":"PropertyValueSpecification","valueRequired":true,"valueName":"search_term_string"}}],"inLanguage":"en-US"},{"@type":"Organization","@id":"https:\/\/monna.ee\/en\/#organization","name":"M\u00f6nna","url":"https:\/\/monna.ee\/en\/","logo":{"@type":"ImageObject","inLanguage":"en-US","@id":"https:\/\/monna.ee\/en\/#\/schema\/logo\/image\/","url":"https:\/\/monna.ee\/wp-content\/uploads\/2024\/05\/cropped-Ohall.png","contentUrl":"https:\/\/monna.ee\/wp-content\/uploads\/2024\/05\/cropped-Ohall.png","width":512,"height":512,"caption":"M\u00f6nna"},"image":{"@id":"https:\/\/monna.ee\/en\/#\/schema\/logo\/image\/"}}]}},"_links":{"self":[{"href":"https:\/\/monna.ee\/en\/wp-json\/wp\/v2\/pages\/5214","targetHints":{"allow":["GET"]}}],"collection":[{"href":"https:\/\/monna.ee\/en\/wp-json\/wp\/v2\/pages"}],"about":[{"href":"https:\/\/monna.ee\/en\/wp-json\/wp\/v2\/types\/page"}],"author":[{"embeddable":true,"href":"https:\/\/monna.ee\/en\/wp-json\/wp\/v2\/users\/1"}],"replies":[{"embeddable":true,"href":"https:\/\/monna.ee\/en\/wp-json\/wp\/v2\/comments?post=5214"}],"version-history":[{"count":1,"href":"https:\/\/monna.ee\/en\/wp-json\/wp\/v2\/pages\/5214\/revisions"}],"predecessor-version":[{"id":5224,"href":"https:\/\/monna.ee\/en\/wp-json\/wp\/v2\/pages\/5214\/revisions\/5224"}],"wp:featuredmedia":[{"embeddable":true,"href":"https:\/\/monna.ee\/en\/wp-json\/wp\/v2\/media\/5222"}],"wp:attachment":[{"href":"https:\/\/monna.ee\/en\/wp-json\/wp\/v2\/media?parent=5214"}],"curies":[{"name":"wp","href":"https:\/\/api.w.org\/{rel}","templated":true}]}}