{"id":5205,"date":"2024-04-26T05:45:25","date_gmt":"2024-04-26T03:45:25","guid":{"rendered":"https:\/\/monna.ee\/privacy-policy\/"},"modified":"2026-05-08T13:23:13","modified_gmt":"2026-05-08T11:23:13","slug":"privacy-policy","status":"publish","type":"page","link":"https:\/\/monna.ee\/en\/privacy-policy\/","title":{"rendered":"Privacy Policy"},"content":{"rendered":"\t\t<div data-elementor-type=\"wp-page\" data-elementor-id=\"5205\" class=\"elementor elementor-5205 elementor-3\">\n\t\t\t\t<div class=\"elementor-element elementor-element-c9da396 e-flex e-con-boxed e-con e-parent\" data-id=\"c9da396\" data-element_type=\"container\" data-e-type=\"container\">\n\t\t\t\t\t<div class=\"e-con-inner\">\n\t\t\t\t<div class=\"elementor-element elementor-element-c8b79da elementor-widget elementor-widget-text-editor\" data-id=\"c8b79da\" data-element_type=\"widget\" data-e-type=\"widget\" data-widget_type=\"text-editor.default\">\n\t\t\t\t<div class=\"elementor-widget-container\">\n\t\t\t\t\t\t\t\t\t<p>The owner of the online store <a href=\"http:\/\/www.monna.ee\">www.monna.ee<\/a> is O\u00dc Moonstar (registry code 12668453), located at Kaare 4, Kuressaare, Saaremaa.<\/p>\n\t\t\t\t\t\t\t\t<\/div>\n\t\t\t\t<\/div>\n\t\t\t\t\t<\/div>\n\t\t\t\t<\/div>\n\t\t<div class=\"elementor-element elementor-element-ea513d1 e-flex e-con-boxed e-con e-parent\" data-id=\"ea513d1\" data-element_type=\"container\" data-e-type=\"container\">\n\t\t\t\t\t<div class=\"e-con-inner\">\n\t\t\t\t<div class=\"elementor-element elementor-element-5cd4bb8 elementor-widget elementor-widget-heading\" data-id=\"5cd4bb8\" data-element_type=\"widget\" data-e-type=\"widget\" data-widget_type=\"heading.default\">\n\t\t\t\t<div class=\"elementor-widget-container\">\n\t\t\t\t\t<h5 class=\"elementor-heading-title elementor-size-default\">Privacy Policy<\/h5>\t\t\t\t<\/div>\n\t\t\t\t<\/div>\n\t\t\t\t\t<\/div>\n\t\t\t\t<\/div>\n\t\t<div class=\"elementor-element elementor-element-d0bc468 e-flex e-con-boxed e-con e-parent\" data-id=\"d0bc468\" data-element_type=\"container\" data-e-type=\"container\">\n\t\t\t\t\t<div class=\"e-con-inner\">\n\t\t\t\t<div class=\"elementor-element elementor-element-98ee304 elementor-widget elementor-widget-text-editor\" data-id=\"98ee304\" data-element_type=\"widget\" data-e-type=\"widget\" data-widget_type=\"text-editor.default\">\n\t\t\t\t<div class=\"elementor-widget-container\">\n\t\t\t\t\t\t\t\t\t<p>M\u00d6NNA is committed to protecting the privacy of its customers and users. To ensure this protection of privacy, we have prepared this privacy policy, which explains how we collect, use, disclose, transfer, and store the data of our customers. Our online activities are in accordance with accepted practices and the corresponding legislation of the European Union and the Republic of Estonia. Please take a moment to read our privacy principles.<\/p>\n\t\t\t\t\t\t\t\t<\/div>\n\t\t\t\t<\/div>\n\t\t\t\t\t<\/div>\n\t\t\t\t<\/div>\n\t\t<div class=\"elementor-element elementor-element-23d4555 e-flex e-con-boxed e-con e-parent\" data-id=\"23d4555\" data-element_type=\"container\" data-e-type=\"container\">\n\t\t\t\t\t<div class=\"e-con-inner\">\n\t\t\t\t<div class=\"elementor-element elementor-element-327cc3a elementor-widget elementor-widget-heading\" data-id=\"327cc3a\" data-element_type=\"widget\" data-e-type=\"widget\" data-widget_type=\"heading.default\">\n\t\t\t\t<div class=\"elementor-widget-container\">\n\t\t\t\t\t<h5 class=\"elementor-heading-title elementor-size-default\">Collection and use of personal data<\/h5>\t\t\t\t<\/div>\n\t\t\t\t<\/div>\n\t\t\t\t\t<\/div>\n\t\t\t\t<\/div>\n\t\t<div class=\"elementor-element elementor-element-4f6cee9 e-flex e-con-boxed e-con e-parent\" data-id=\"4f6cee9\" data-element_type=\"container\" data-e-type=\"container\">\n\t\t\t\t\t<div class=\"e-con-inner\">\n\t\t\t\t<div class=\"elementor-element elementor-element-3f628e9 elementor-widget elementor-widget-text-editor\" data-id=\"3f628e9\" data-element_type=\"widget\" data-e-type=\"widget\" data-widget_type=\"text-editor.default\">\n\t\t\t\t<div class=\"elementor-widget-container\">\n\t\t\t\t\t\t\t\t\t<p>Personal data means data collected by M\u00d6NNA for the performance of a contract concluded with an individual or for contacting that individual.<br \/>We may collect the personal data of our loyal customers in the following ways:<br \/>\u2022 by providing contact details (including your name, postal address, telephone number, email address and preferred method of contact) on our website or elsewhere (eg in stores)<br \/>\u2022 when using the website through customer account information or cookies<br \/>\u2022 when making a purchase or placing an order in our shop or online store, by storing contact details or information relating to purchasing preferences (M\u00d6NNA may request that certain areas of the website voluntarily provide personal data and personal information). The required personal information may include the name, address, postal code, email address, phone number, and other information)<\/p>\n\t\t\t\t\t\t\t\t<\/div>\n\t\t\t\t<\/div>\n\t\t\t\t\t<\/div>\n\t\t\t\t<\/div>\n\t\t<div class=\"elementor-element elementor-element-ca4c361 e-flex e-con-boxed e-con e-parent\" data-id=\"ca4c361\" data-element_type=\"container\" data-e-type=\"container\">\n\t\t\t\t\t<div class=\"e-con-inner\">\n\t\t\t\t<div class=\"elementor-element elementor-element-e4c510d elementor-widget elementor-widget-heading\" data-id=\"e4c510d\" data-element_type=\"widget\" data-e-type=\"widget\" data-widget_type=\"heading.default\">\n\t\t\t\t<div class=\"elementor-widget-container\">\n\t\t\t\t\t<h5 class=\"elementor-heading-title elementor-size-default\">Collection of other data<\/h5>\t\t\t\t<\/div>\n\t\t\t\t<\/div>\n\t\t\t\t\t<\/div>\n\t\t\t\t<\/div>\n\t\t<div class=\"elementor-element elementor-element-0a16fc1 e-flex e-con-boxed e-con e-parent\" data-id=\"0a16fc1\" data-element_type=\"container\" data-e-type=\"container\">\n\t\t\t\t\t<div class=\"e-con-inner\">\n\t\t\t\t<div class=\"elementor-element elementor-element-c2ced86 elementor-widget elementor-widget-text-editor\" data-id=\"c2ced86\" data-element_type=\"widget\" data-e-type=\"widget\" data-widget_type=\"text-editor.default\">\n\t\t\t\t<div class=\"elementor-widget-container\">\n\t\t\t\t\t\t\t\t\t<p>We also collect non-personal data \u2013 data that cannot directly be linked to a specific person (such as gender, age, language preference, location).<br \/>Additionally, we may collect general data about customers\u2019 activities in our stores and on our website. Such data is aggregated and used to provide customers with useful information and to find out which parts of the website, products and services are of most interest. Aggregate data will be considered non-personal data in this privacy policy.<\/p>\n\t\t\t\t\t\t\t\t<\/div>\n\t\t\t\t<\/div>\n\t\t\t\t\t<\/div>\n\t\t\t\t<\/div>\n\t\t<div class=\"elementor-element elementor-element-3197c40 e-flex e-con-boxed e-con e-parent\" data-id=\"3197c40\" data-element_type=\"container\" data-e-type=\"container\">\n\t\t\t\t\t<div class=\"e-con-inner\">\n\t\t\t\t<div class=\"elementor-element elementor-element-efbaf12 elementor-widget elementor-widget-heading\" data-id=\"efbaf12\" data-element_type=\"widget\" data-e-type=\"widget\" data-widget_type=\"heading.default\">\n\t\t\t\t<div class=\"elementor-widget-container\">\n\t\t\t\t\t<h5 class=\"elementor-heading-title elementor-size-default\">Use of collected personal data<\/h5>\t\t\t\t<\/div>\n\t\t\t\t<\/div>\n\t\t\t\t\t<\/div>\n\t\t\t\t<\/div>\n\t\t<div class=\"elementor-element elementor-element-2c507eb e-flex e-con-boxed e-con e-parent\" data-id=\"2c507eb\" data-element_type=\"container\" data-e-type=\"container\">\n\t\t\t\t\t<div class=\"e-con-inner\">\n\t\t\t\t<div class=\"elementor-element elementor-element-4e5d996 elementor-widget elementor-widget-text-editor\" data-id=\"4e5d996\" data-element_type=\"widget\" data-e-type=\"widget\" data-widget_type=\"text-editor.default\">\n\t\t\t\t<div class=\"elementor-widget-container\">\n\t\t\t\t\t\t\t\t\t<p>With collected personal information, we can inform customers about M\u00d6NNA product news, campaigns, and upcoming events. Customers who do not want to receive our newsletter or messages from us about products they may be interested in can leave our mailing list at any time. We also use the collected personal data to deliver the goods and to fulfil our obligations to the customer.<\/p>\n<p>In order to provide better customer service, M\u00d6NNA may disclose information about individual users to a third party that provides services to M\u00d6NNA and is contractually obliged to keep the shared information confidential. A third party may, for example, be our partner responsible for the transport of goods sold through the online store.<\/p>\t\t\t\t\t\t\t\t<\/div>\n\t\t\t\t<\/div>\n\t\t\t\t\t<\/div>\n\t\t\t\t<\/div>\n\t\t<div class=\"elementor-element elementor-element-348a53c e-flex e-con-boxed e-con e-parent\" data-id=\"348a53c\" data-element_type=\"container\" data-e-type=\"container\">\n\t\t\t\t\t<div class=\"e-con-inner\">\n\t\t\t\t<div class=\"elementor-element elementor-element-d5292ae elementor-widget elementor-widget-heading\" data-id=\"d5292ae\" data-element_type=\"widget\" data-e-type=\"widget\" data-widget_type=\"heading.default\">\n\t\t\t\t<div class=\"elementor-widget-container\">\n\t\t\t\t\t<h5 class=\"elementor-heading-title elementor-size-default\">\u2028Amendment of collected personal data\n<\/h5>\t\t\t\t<\/div>\n\t\t\t\t<\/div>\n\t\t\t\t\t<\/div>\n\t\t\t\t<\/div>\n\t\t<div class=\"elementor-element elementor-element-5ac3a83 e-flex e-con-boxed e-con e-parent\" data-id=\"5ac3a83\" data-element_type=\"container\" data-e-type=\"container\">\n\t\t\t\t\t<div class=\"e-con-inner\">\n\t\t\t\t<div class=\"elementor-element elementor-element-122d971 elementor-widget elementor-widget-text-editor\" data-id=\"122d971\" data-element_type=\"widget\" data-e-type=\"widget\" data-widget_type=\"text-editor.default\">\n\t\t\t\t<div class=\"elementor-widget-container\">\n\t\t\t\t\t\t\t\t\t<p>Personal data collected for identifying and contacting the customer can be viewed, amended and updated through our customer service at info@monna.ee<\/p>\n\t\t\t\t\t\t\t\t<\/div>\n\t\t\t\t<\/div>\n\t\t\t\t\t<\/div>\n\t\t\t\t<\/div>\n\t\t<div class=\"elementor-element elementor-element-b78415e e-flex e-con-boxed e-con e-parent\" data-id=\"b78415e\" data-element_type=\"container\" data-e-type=\"container\">\n\t\t\t\t\t<div class=\"e-con-inner\">\n\t\t\t\t<div class=\"elementor-element elementor-element-fdef31e elementor-widget elementor-widget-heading\" data-id=\"fdef31e\" data-element_type=\"widget\" data-e-type=\"widget\" data-widget_type=\"heading.default\">\n\t\t\t\t<div class=\"elementor-widget-container\">\n\t\t\t\t\t<h5 class=\"elementor-heading-title elementor-size-default\">Protection of personal data<\/h5>\t\t\t\t<\/div>\n\t\t\t\t<\/div>\n\t\t\t\t\t<\/div>\n\t\t\t\t<\/div>\n\t\t<div class=\"elementor-element elementor-element-3edc2b0 e-flex e-con-boxed e-con e-parent\" data-id=\"3edc2b0\" data-element_type=\"container\" data-e-type=\"container\">\n\t\t\t\t\t<div class=\"e-con-inner\">\n\t\t\t\t<div class=\"elementor-element elementor-element-d3564d8 elementor-widget elementor-widget-text-editor\" data-id=\"d3564d8\" data-element_type=\"widget\" data-e-type=\"widget\" data-widget_type=\"text-editor.default\">\n\t\t\t\t<div class=\"elementor-widget-container\">\n\t\t\t\t\t\t\t\t\t<p>M\u00d6NNA applies all precautionary measures (including administrative, technical and physical measures) to protect customers\u2019 personal data. Access to personal data for amendment and processing must only be provided to authorised persons.<\/p>\n\t\t\t\t\t\t\t\t<\/div>\n\t\t\t\t<\/div>\n\t\t\t\t\t<\/div>\n\t\t\t\t<\/div>\n\t\t<div class=\"elementor-element elementor-element-4e162b9 e-flex e-con-boxed e-con e-parent\" data-id=\"4e162b9\" data-element_type=\"container\" data-e-type=\"container\">\n\t\t\t\t\t<div class=\"e-con-inner\">\n\t\t\t\t<div class=\"elementor-element elementor-element-f53d3e4 elementor-widget elementor-widget-heading\" data-id=\"f53d3e4\" data-element_type=\"widget\" data-e-type=\"widget\" data-widget_type=\"heading.default\">\n\t\t\t\t<div class=\"elementor-widget-container\">\n\t\t\t\t\t<h5 class=\"elementor-heading-title elementor-size-default\">Security<\/h5>\t\t\t\t<\/div>\n\t\t\t\t<\/div>\n\t\t\t\t\t<\/div>\n\t\t\t\t<\/div>\n\t\t<div class=\"elementor-element elementor-element-3ac6235 e-flex e-con-boxed e-con e-parent\" data-id=\"3ac6235\" data-element_type=\"container\" data-e-type=\"container\">\n\t\t\t\t\t<div class=\"e-con-inner\">\n\t\t\t\t<div class=\"elementor-element elementor-element-292a664 elementor-widget elementor-widget-text-editor\" data-id=\"292a664\" data-element_type=\"widget\" data-e-type=\"widget\" data-widget_type=\"text-editor.default\">\n\t\t\t\t<div class=\"elementor-widget-container\">\n\t\t\t\t\t\t\t\t\t<p>All personal data relating to customers that becomes known in the course of visiting the M\u00d6NNA online store and making purchases is treated as confidential information. Data communications channels with banks are encrypted to ensure the security of the buyer\u2019s personal data and bank details.<\/p>\n\t\t\t\t\t\t\t\t<\/div>\n\t\t\t\t<\/div>\n\t\t\t\t\t<\/div>\n\t\t\t\t<\/div>\n\t\t<div class=\"elementor-element elementor-element-8eeae82 e-flex e-con-boxed e-con e-parent\" data-id=\"8eeae82\" data-element_type=\"container\" data-e-type=\"container\">\n\t\t\t\t\t<div class=\"e-con-inner\">\n\t\t\t\t<div class=\"elementor-element elementor-element-7c7e53f elementor-widget elementor-widget-heading\" data-id=\"7c7e53f\" data-element_type=\"widget\" data-e-type=\"widget\" data-widget_type=\"heading.default\">\n\t\t\t\t<div class=\"elementor-widget-container\">\n\t\t\t\t\t<h5 class=\"elementor-heading-title elementor-size-default\">Terms and conditions of and amendments to privacy policy<\/h5>\t\t\t\t<\/div>\n\t\t\t\t<\/div>\n\t\t\t\t\t<\/div>\n\t\t\t\t<\/div>\n\t\t<div class=\"elementor-element elementor-element-a9d7f81 e-flex e-con-boxed e-con e-parent\" data-id=\"a9d7f81\" data-element_type=\"container\" data-e-type=\"container\">\n\t\t\t\t\t<div class=\"e-con-inner\">\n\t\t\t\t<div class=\"elementor-element elementor-element-47903d9 elementor-widget elementor-widget-text-editor\" data-id=\"47903d9\" data-element_type=\"widget\" data-e-type=\"widget\" data-widget_type=\"text-editor.default\">\n\t\t\t\t<div class=\"elementor-widget-container\">\n\t\t\t\t\t\t\t\t\t<p>By using our website or filling out an application to become our loyal customer, you declare that you have read this privacy policy and accept the terms set out herein. We reserve the right to amend the general terms of the privacy policy where necessary, informing all regular customers accordingly.<br \/>If you have any questions or concerns regarding the privacy policy or the processing of personal data, please contact us at <a href=\"mailto:info@monna.ee\">info@monna.ee<\/a>.<\/p>\n\t\t\t\t\t\t\t\t<\/div>\n\t\t\t\t<\/div>\n\t\t\t\t\t<\/div>\n\t\t\t\t<\/div>\n\t\t\t\t<\/div>\n\t\t","protected":false},"excerpt":{"rendered":"<p>The owner of the online store www.monna.ee is O\u00dc Moonstar (registry code 12668453), located at Kaare 4, Kuressaare, Saaremaa. Privacy Policy M\u00d6NNA is committed to protecting the privacy of its customers and users. To ensure this protection of privacy, we have prepared this privacy policy, which explains how we collect, use, disclose, transfer, and store [&hellip;]<\/p>\n","protected":false},"author":1,"featured_media":0,"parent":0,"menu_order":0,"comment_status":"closed","ping_status":"closed","template":"","meta":{"inline_featured_image":false,"site-sidebar-layout":"default","site-content-layout":"","ast-site-content-layout":"default","site-content-style":"default","site-sidebar-style":"default","ast-global-header-display":"","ast-banner-title-visibility":"","ast-main-header-display":"","ast-hfb-above-header-display":"","ast-hfb-below-header-display":"","ast-hfb-mobile-header-display":"","site-post-title":"","ast-breadcrumbs-content":"","ast-featured-img":"","footer-sml-layout":"","ast-disable-related-posts":"","theme-transparent-header-meta":"","adv-header-id-meta":"","stick-header-meta":"","header-above-stick-meta":"","header-main-stick-meta":"","header-below-stick-meta":"","astra-migrate-meta-layouts":"default","ast-page-background-enabled":"default","ast-page-background-meta":{"desktop":{"background-color":"","background-image":"","background-repeat":"repeat","background-position":"center center","background-size":"auto","background-attachment":"scroll","background-type":"","background-media":"","overlay-type":"","overlay-color":"","overlay-opacity":"","overlay-gradient":""},"tablet":{"background-color":"","background-image":"","background-repeat":"repeat","background-position":"center center","background-size":"auto","background-attachment":"scroll","background-type":"","background-media":"","overlay-type":"","overlay-color":"","overlay-opacity":"","overlay-gradient":""},"mobile":{"background-color":"","background-image":"","background-repeat":"repeat","background-position":"center center","background-size":"auto","background-attachment":"scroll","background-type":"","background-media":"","overlay-type":"","overlay-color":"","overlay-opacity":"","overlay-gradient":""}},"ast-content-background-meta":{"desktop":{"background-color":"var(--ast-global-color-5)","background-image":"","background-repeat":"repeat","background-position":"center center","background-size":"auto","background-attachment":"scroll","background-type":"","background-media":"","overlay-type":"","overlay-color":"","overlay-opacity":"","overlay-gradient":""},"tablet":{"background-color":"var(--ast-global-color-5)","background-image":"","background-repeat":"repeat","background-position":"center center","background-size":"auto","background-attachment":"scroll","background-type":"","background-media":"","overlay-type":"","overlay-color":"","overlay-opacity":"","overlay-gradient":""},"mobile":{"background-color":"var(--ast-global-color-5)","background-image":"","background-repeat":"repeat","background-position":"center center","background-size":"auto","background-attachment":"scroll","background-type":"","background-media":"","overlay-type":"","overlay-color":"","overlay-opacity":"","overlay-gradient":""}},"footnotes":""},"class_list":["post-5205","page","type-page","status-publish","hentry"],"yoast_head":"<!-- This site is optimized with the Yoast SEO plugin v27.5 - https:\/\/yoast.com\/product\/yoast-seo-wordpress\/ -->\n<title>M\u00f6nna -<\/title>\n<meta name=\"robots\" content=\"index, follow, max-snippet:-1, max-image-preview:large, max-video-preview:-1\" \/>\n<link rel=\"canonical\" href=\"https:\/\/monna.ee\/en\/privacy-policy\/\" \/>\n<meta property=\"og:locale\" content=\"en_US\" \/>\n<meta property=\"og:type\" content=\"article\" \/>\n<meta property=\"og:title\" content=\"M\u00f6nna -\" \/>\n<meta property=\"og:description\" content=\"The owner of the online store www.monna.ee is O\u00dc Moonstar (registry code 12668453), located at Kaare 4, Kuressaare, Saaremaa. Privacy Policy M\u00d6NNA is committed to protecting the privacy of its customers and users. To ensure this protection of privacy, we have prepared this privacy policy, which explains how we collect, use, disclose, transfer, and store [&hellip;]\" \/>\n<meta property=\"og:url\" content=\"https:\/\/monna.ee\/en\/privacy-policy\/\" \/>\n<meta property=\"og:site_name\" content=\"M\u00f6nna\" \/>\n<meta property=\"article:modified_time\" content=\"2026-05-08T11:23:13+00:00\" \/>\n<meta property=\"og:image\" content=\"https:\/\/monna.ee\/wp-content\/uploads\/2024\/07\/Monna_wp.png\" \/>\n\t<meta property=\"og:image:width\" content=\"5001\" \/>\n\t<meta property=\"og:image:height\" content=\"3751\" \/>\n\t<meta property=\"og:image:type\" content=\"image\/png\" \/>\n<meta name=\"twitter:card\" content=\"summary_large_image\" \/>\n<meta name=\"twitter:label1\" content=\"Est. reading time\" \/>\n\t<meta name=\"twitter:data1\" content=\"3 minutes\" \/>\n<script type=\"application\/ld+json\" class=\"yoast-schema-graph\">{\"@context\":\"https:\\\/\\\/schema.org\",\"@graph\":[{\"@type\":\"WebPage\",\"@id\":\"https:\\\/\\\/monna.ee\\\/en\\\/privacy-policy\\\/\",\"url\":\"https:\\\/\\\/monna.ee\\\/en\\\/privacy-policy\\\/\",\"name\":\"M\u00f6nna -\",\"isPartOf\":{\"@id\":\"https:\\\/\\\/monna.ee\\\/en\\\/#website\"},\"datePublished\":\"2024-04-26T03:45:25+00:00\",\"dateModified\":\"2026-05-08T11:23:13+00:00\",\"breadcrumb\":{\"@id\":\"https:\\\/\\\/monna.ee\\\/en\\\/privacy-policy\\\/#breadcrumb\"},\"inLanguage\":\"en-US\",\"potentialAction\":[{\"@type\":\"ReadAction\",\"target\":[\"https:\\\/\\\/monna.ee\\\/en\\\/privacy-policy\\\/\"]}]},{\"@type\":\"BreadcrumbList\",\"@id\":\"https:\\\/\\\/monna.ee\\\/en\\\/privacy-policy\\\/#breadcrumb\",\"itemListElement\":[{\"@type\":\"ListItem\",\"position\":1,\"name\":\"Home\",\"item\":\"https:\\\/\\\/monna.ee\\\/en\\\/\"},{\"@type\":\"ListItem\",\"position\":2,\"name\":\"Privacy Policy\"}]},{\"@type\":\"WebSite\",\"@id\":\"https:\\\/\\\/monna.ee\\\/en\\\/#website\",\"url\":\"https:\\\/\\\/monna.ee\\\/en\\\/\",\"name\":\"M\u00f6nna\",\"description\":\"\",\"publisher\":{\"@id\":\"https:\\\/\\\/monna.ee\\\/en\\\/#organization\"},\"potentialAction\":[{\"@type\":\"SearchAction\",\"target\":{\"@type\":\"EntryPoint\",\"urlTemplate\":\"https:\\\/\\\/monna.ee\\\/en\\\/?s={search_term_string}\"},\"query-input\":{\"@type\":\"PropertyValueSpecification\",\"valueRequired\":true,\"valueName\":\"search_term_string\"}}],\"inLanguage\":\"en-US\"},{\"@type\":\"Organization\",\"@id\":\"https:\\\/\\\/monna.ee\\\/en\\\/#organization\",\"name\":\"M\u00f6nna\",\"url\":\"https:\\\/\\\/monna.ee\\\/en\\\/\",\"logo\":{\"@type\":\"ImageObject\",\"inLanguage\":\"en-US\",\"@id\":\"https:\\\/\\\/monna.ee\\\/en\\\/#\\\/schema\\\/logo\\\/image\\\/\",\"url\":\"https:\\\/\\\/monna.ee\\\/wp-content\\\/uploads\\\/2024\\\/05\\\/cropped-Ohall.png\",\"contentUrl\":\"https:\\\/\\\/monna.ee\\\/wp-content\\\/uploads\\\/2024\\\/05\\\/cropped-Ohall.png\",\"width\":512,\"height\":512,\"caption\":\"M\u00f6nna\"},\"image\":{\"@id\":\"https:\\\/\\\/monna.ee\\\/en\\\/#\\\/schema\\\/logo\\\/image\\\/\"}}]}<\/script>\n<!-- \/ Yoast SEO plugin. -->","yoast_head_json":{"title":"M\u00f6nna -","robots":{"index":"index","follow":"follow","max-snippet":"max-snippet:-1","max-image-preview":"max-image-preview:large","max-video-preview":"max-video-preview:-1"},"canonical":"https:\/\/monna.ee\/en\/privacy-policy\/","og_locale":"en_US","og_type":"article","og_title":"M\u00f6nna -","og_description":"The owner of the online store www.monna.ee is O\u00dc Moonstar (registry code 12668453), located at Kaare 4, Kuressaare, Saaremaa. Privacy Policy M\u00d6NNA is committed to protecting the privacy of its customers and users. To ensure this protection of privacy, we have prepared this privacy policy, which explains how we collect, use, disclose, transfer, and store [&hellip;]","og_url":"https:\/\/monna.ee\/en\/privacy-policy\/","og_site_name":"M\u00f6nna","article_modified_time":"2026-05-08T11:23:13+00:00","og_image":[{"width":5001,"height":3751,"url":"https:\/\/monna.ee\/wp-content\/uploads\/2024\/07\/Monna_wp.png","type":"image\/png"}],"twitter_card":"summary_large_image","twitter_misc":{"Est. reading time":"3 minutes"},"schema":{"@context":"https:\/\/schema.org","@graph":[{"@type":"WebPage","@id":"https:\/\/monna.ee\/en\/privacy-policy\/","url":"https:\/\/monna.ee\/en\/privacy-policy\/","name":"M\u00f6nna -","isPartOf":{"@id":"https:\/\/monna.ee\/en\/#website"},"datePublished":"2024-04-26T03:45:25+00:00","dateModified":"2026-05-08T11:23:13+00:00","breadcrumb":{"@id":"https:\/\/monna.ee\/en\/privacy-policy\/#breadcrumb"},"inLanguage":"en-US","potentialAction":[{"@type":"ReadAction","target":["https:\/\/monna.ee\/en\/privacy-policy\/"]}]},{"@type":"BreadcrumbList","@id":"https:\/\/monna.ee\/en\/privacy-policy\/#breadcrumb","itemListElement":[{"@type":"ListItem","position":1,"name":"Home","item":"https:\/\/monna.ee\/en\/"},{"@type":"ListItem","position":2,"name":"Privacy Policy"}]},{"@type":"WebSite","@id":"https:\/\/monna.ee\/en\/#website","url":"https:\/\/monna.ee\/en\/","name":"M\u00f6nna","description":"","publisher":{"@id":"https:\/\/monna.ee\/en\/#organization"},"potentialAction":[{"@type":"SearchAction","target":{"@type":"EntryPoint","urlTemplate":"https:\/\/monna.ee\/en\/?s={search_term_string}"},"query-input":{"@type":"PropertyValueSpecification","valueRequired":true,"valueName":"search_term_string"}}],"inLanguage":"en-US"},{"@type":"Organization","@id":"https:\/\/monna.ee\/en\/#organization","name":"M\u00f6nna","url":"https:\/\/monna.ee\/en\/","logo":{"@type":"ImageObject","inLanguage":"en-US","@id":"https:\/\/monna.ee\/en\/#\/schema\/logo\/image\/","url":"https:\/\/monna.ee\/wp-content\/uploads\/2024\/05\/cropped-Ohall.png","contentUrl":"https:\/\/monna.ee\/wp-content\/uploads\/2024\/05\/cropped-Ohall.png","width":512,"height":512,"caption":"M\u00f6nna"},"image":{"@id":"https:\/\/monna.ee\/en\/#\/schema\/logo\/image\/"}}]}},"_links":{"self":[{"href":"https:\/\/monna.ee\/en\/wp-json\/wp\/v2\/pages\/5205","targetHints":{"allow":["GET"]}}],"collection":[{"href":"https:\/\/monna.ee\/en\/wp-json\/wp\/v2\/pages"}],"about":[{"href":"https:\/\/monna.ee\/en\/wp-json\/wp\/v2\/types\/page"}],"author":[{"embeddable":true,"href":"https:\/\/monna.ee\/en\/wp-json\/wp\/v2\/users\/1"}],"replies":[{"embeddable":true,"href":"https:\/\/monna.ee\/en\/wp-json\/wp\/v2\/comments?post=5205"}],"version-history":[{"count":1,"href":"https:\/\/monna.ee\/en\/wp-json\/wp\/v2\/pages\/5205\/revisions"}],"predecessor-version":[{"id":5206,"href":"https:\/\/monna.ee\/en\/wp-json\/wp\/v2\/pages\/5205\/revisions\/5206"}],"wp:attachment":[{"href":"https:\/\/monna.ee\/en\/wp-json\/wp\/v2\/media?parent=5205"}],"curies":[{"name":"wp","href":"https:\/\/api.w.org\/{rel}","templated":true}]}}